{"id":5196,"date":"2018-06-06T15:10:26","date_gmt":"2018-06-06T13:10:26","guid":{"rendered":"http:\/\/qitoya.com\/home\/?page_id=5196"},"modified":"2024-09-12T16:18:53","modified_gmt":"2024-09-12T14:18:53","slug":"datenschutz","status":"publish","type":"page","link":"https:\/\/qitoya.com\/home\/datenschutz\/","title":{"rendered":"Datenschutz"},"content":{"rendered":"<p>Name und Kontakt des Verantwortlichen gem\u00e4\u00df Artikel 4 Abs. 7 DSGVO<br \/>\nQITOYA GmbH<br \/>\nRohmerplatz 27<br \/>\n60486 Frankfurt<\/p>\n<p>Sicherheit und Schutz Ihrer personenbezogenen Daten<\/p>\n<p>Wir betrachten es als unsere vorrangige Aufgabe, die Vertraulichkeit der von Ihnen bereitgestellten personenbezogenen Daten zu wahren und diese vor unbefugten Zugriffen zu schu\u0308tzen. Deshalb wenden wir a\u0308u\u00dferste Sorgfalt und modernste Sicherheitsstandards an, um einen maximalen Schutz Ihrer personenbezogenen Daten zu gew\u00e4hrleisten.<\/p>\n<p>Als privatrechtliches Unternehmen unterliegen wir den Bestimmungen der europa\u0308ischen Datenschutzgrundverordnung (DSGVO) und den Regelungen des Bundesdatenschutzgesetzes (BDSG). Wir haben technische und organisatorische Ma\u00dfnahmen getroffen, die sicherstellen, dass die Vorschriften u\u0308ber den Datenschutz sowohl von uns, als auch von unseren externen Dienstleistern beachtet werden.<\/p>\n<p>Erhebung und Speicherung personenbezogener Daten beim Besuch der Website<\/p>\n<p>Beim Aufrufen unserer Website werden durch den auf Ihrem Endger\u00e4t zum Einsatz kommenden Browser automatisch Informationen an den Server unserer Website gesendet. Diese Informationen werden tempor\u00e4r in einem sogenannten Logfile gespeichert. Folgende Informationen werden dabei ohne Ihr Zutun erfasst und bis zur automatisierten L\u00f6schung gespeichert:<br \/>\n\u2022 IP-Adresse des anfragenden Rechners<br \/>\n\u2022 Datum und Uhrzeit des Zugriffs<br \/>\n\u2022 Name und URL der abgerufenen Datei<br \/>\n\u2022 Website, von der aus der Zugriff erfolgt (Referrer-URL)<br \/>\n\u2022 verwendeter Browser und ggf. das Betriebssystem Ihres Rechners<br \/>\n\u2022 Name Ihres Access-Providers.<br \/>\nDie genannten Daten werden durch uns zu folgenden Zwecken verarbeitet:<br \/>\n\u2022 Gew\u00e4hrleistung eines reibungslosen Verbindungsaufbaus der Website<br \/>\n\u2022 Gew\u00e4hrleistung einer komfortablen Nutzung unserer Website<br \/>\n\u2022 Auswertung der Systemsicherheit und -stabilit\u00e4t<br \/>\n\u2022 weitere administrative Zwecke<br \/>\nDie Rechtsgrundlage f\u00fcr die Datenverarbeitung ist Art. 6 Abs. 1 S. 1 lit. f DSGVO. Unser berechtigtes Interesse folgt aus oben aufgelisteten Zwecken zur Datenerhebung. In keinem Fall verwenden wir die erhobenen Daten zu dem Zweck, R\u00fcckschl\u00fcsse auf Ihre Person zu ziehen.<br \/>\nNutzung und Weitergabe personenbezogener Daten<br \/>\nPersonenbezogene Daten werden nur erhoben, wenn Sie uns diese freiwillig mitteilen. Wir erheben, verarbeiten und nutzen personenbezogene Daten, wie beispielsweise Name, Anschrift oder E-Mail-Adressen der Besucher der Webseite, ohne weitergehende Einwilligung nur, soweit sie f\u00fcr die Vertragsbegr\u00fcndung und -abwicklung erforderlich sind.<br \/>\nWir geben Ihre pers\u00f6nlichen Daten nur an Dritte weiter, wenn:<\/p>\n<p>\u2022 Sie Ihre nach Art. 6 Abs. 1 S. 1 lit. a DSGVO ausdr\u00fcckliche Einwilligung dazu erteilt haben.<br \/>\n\u2022 die Weitergabe nach Art. 6 Abs. 1 S. 1 lit. f DSGVO zur Geltendmachung, Aus\u00fcbung oder Verteidigung von Rechtsanspr\u00fcchen erforderlich ist und kein Grund zur Annahme besteht, dass Sie ein \u00fcberwiegendes schutzw\u00fcrdiges Interesse an der Nichtweitergabe Ihrer Daten haben.<br \/>\n\u2022 eine gesetzliche Verpflichtung f\u00fcr die Weitergabe nach Art. 6 Abs. 1 S. 1 lit. c DSGVO besteht.<br \/>\n\u2022 dies gesetzlich zul\u00e4ssig und nach Art. 6 Abs. 1 S. 1 lit. b DSGVO f\u00fcr die Abwicklung von Vertragsverh\u00e4ltnissen mit Ihnen erforderlich ist.<\/p>\n<p>Einsatz von Cookies<\/p>\n<p>Zusa\u0308tzlich zu den zuvor genannten Daten werden bei der Nutzung unserer Website Cookies auf Ihrem Rechner gespeichert. Bei Cookies handelt es sich um kleine Textdateien, die auf Ihrer Festplatte dem von Ihnen verwendeten Browser zugeordnet gespeichert werden und durch welche der Stelle, die den Cookie setzt, bestimmte Informationen zuflie\u00dfen. Cookies ko\u0308nnen keine Programme ausfu\u0308hren oder Viren auf Ihren Computer u\u0308bertragen. Sie dienen dazu, das Internetangebot insgesamt nutzerfreundlicher und effektiver zu machen.<br \/>\nDiese Website nutzt folgende Arten von Cookies, deren Umfang und Funktionsweise im Folgenden erla\u0308utert werden:<br \/>\n\u2013 Transiente Cookies (dazu siehe 1.)<br \/>\n\u2013 Persistente Cookies (dazu siehe 2.)<\/p>\n<p>\u2022 Transiente Cookies werden automatisiert gelo\u0308scht, wenn Sie den Browser schlie\u00dfen. Dazu za\u0308hlen insbesondere die Session-Cookies. Diese speichern eine sogenannte Session-ID, mit welcher sich verschiedene Anfragen Ihres Browsers der gemeinsamen Sitzung zuordnen lassen. Dadurch kann Ihr Rechner wiedererkannt werden, wenn Sie auf unsere Website zuru\u0308ckkehren. Die Session-Cookies werden gelo\u0308scht, wenn Sie sich ausloggen oder den Browser schlie\u00dfen.<br \/>\n\u2022 Persistente Cookies werden automatisiert nach einer vorgegeben Dauer gel\u00f6scht, die sich je nach Cookie unterscheiden kann. Sie k\u00f6nnen die Cookies in den Sicherheitseinstellungen Ihres Browsers jederzeit l\u00f6schen.<br \/>\n\u2022 Sie ko\u0308nnen Ihre Browser-Einstellung entsprechend Ihren Wu\u0308nschen konfigurieren und\u2028z. B. die Annahme von Third-Party-Cookies oder allen Cookies ablehnen. Sog. \u201eThird Party Cookies\u201c sind Cookies, die durch einen Dritten gesetzt wurden, folglich nicht durch die eigentliche Website auf der man sich gerade befindet. Wir weisen Sie darauf hin, dass Sie durch die Deaktivierung von Cookies eventuell nicht alle Funktionen dieser Website nutzen ko\u0308nnen.<\/p>\n<p>Betroffenenrechte<\/p>\n<p>Sie haben das Recht:<br \/>\n\u2022 gem\u00e4\u00df Art. 15 DSGVO Auskunft \u00fcber Ihre von uns verarbeiteten personenbezogenen Daten zu verlangen.<br \/>\n\u2022 gem\u00e4\u00df Art. 16 DSGVO unverz\u00fcglich die Berichtigungunrichtiger oder Vervollst\u00e4ndigung Ihrer bei uns gespeicherten personenbezogenen Daten zu verlangen.<br \/>\n\u2022 gem\u00e4\u00df Art. 17 DSGVO die L\u00f6schung Ihrer bei uns gespeicherten personenbezogenen Daten zu verlangen.<br \/>\n\u2022 Ihr Widerrufsrecht gem\u00e4\u00df Art. 7 Abs. 3 DSGVO auszu\u00fcben.<br \/>\n\u2022 Ihr Beschwerderecht gem\u00e4\u00df Art. 77 DSGVO gegen\u00fcber der Aufsichtsbeh\u00f6rde auszu\u00fcben.<br \/>\nHinweise auf die Nutzung Sozialer Netzwerke<br \/>\nSoweit wir auf unserer Website Links zu externen Sozialen Netzwerken anbieten, sind diese z. B. als Logos oder mit dem Zusatz \u201eGef\u00e4llt mir\u201c kenntlich gemacht. Wird diesen Verweisen durch einen Klick gefolgt, werden in der Regel Plugins aktiviert und Ihr Browser stellt eine direkte Verbindung mit den Servern des jeweiligen Sozialen Netzwerks her.<br \/>\nFolgen Sie diesen Verweisen und registrieren sich dort, wird die Information, dass Sie auf unserer Website waren, an das jeweilige Soziale Netzwerk weitergeleitet. Den Besuch unserer Website kann in der Regel der Soziales-Netzwerk-Betreiber Ihrem Konto zuordnen und auf Webservern im Ausland speichern. Auf den Umfang der Datenerhebung, die Verarbeitung Ihrer pers\u00f6nlichen Daten durch die Sozialen Netzwerke und Ihre Rechte in Sozialen Netzwerken haben wir keinen Einfluss.<\/p>\n<p>Stand und Aktualisierung dieser Datenschutzerkl\u00e4rung<\/p>\n<p>Diese Datenschutzerkl\u00e4rung hat den Stand vom 25. Mai 2018. Wir behalten uns vor, die Datenschutzerkl\u00e4rung zu gegebener Zeit zu aktualisieren, um den Datenschutz zu verbessern und\/oder an ge\u00e4nderte Beh\u00f6rdenpraxis oder Rechtsprechung anzupassen.<\/p>\n","protected":false},"excerpt":{"rendered":"<p>Name und Kontakt des Verantwortlichen gem\u00e4\u00df Artikel 4 Abs. 7 DSGVO QITOYA GmbH Rohmerplatz 27 60486 Frankfurt Sicherheit und Schutz Ihrer personenbezogenen Daten Wir betrachten es als unsere vorrangige Aufgabe, die Vertraulichkeit der von Ihnen bereitgestellten personenbezogenen Daten zu wahren und diese vor unbefugten Zugriffen zu schu\u0308tzen. Deshalb wenden wir a\u0308u\u00dferste Sorgfalt und modernste Sicherheitsstandards [&hellip;]<\/p>\n","protected":false},"author":1,"featured_media":0,"parent":0,"menu_order":0,"comment_status":"closed","ping_status":"closed","template":"","meta":{"footnotes":""},"class_list":["post-5196","page","type-page","status-publish","hentry"],"_links":{"self":[{"href":"https:\/\/qitoya.com\/home\/wp-json\/wp\/v2\/pages\/5196"}],"collection":[{"href":"https:\/\/qitoya.com\/home\/wp-json\/wp\/v2\/pages"}],"about":[{"href":"https:\/\/qitoya.com\/home\/wp-json\/wp\/v2\/types\/page"}],"author":[{"embeddable":true,"href":"https:\/\/qitoya.com\/home\/wp-json\/wp\/v2\/users\/1"}],"replies":[{"embeddable":true,"href":"https:\/\/qitoya.com\/home\/wp-json\/wp\/v2\/comments?post=5196"}],"version-history":[{"count":17,"href":"https:\/\/qitoya.com\/home\/wp-json\/wp\/v2\/pages\/5196\/revisions"}],"predecessor-version":[{"id":5388,"href":"https:\/\/qitoya.com\/home\/wp-json\/wp\/v2\/pages\/5196\/revisions\/5388"}],"wp:attachment":[{"href":"https:\/\/qitoya.com\/home\/wp-json\/wp\/v2\/media?parent=5196"}],"curies":[{"name":"wp","href":"https:\/\/api.w.org\/{rel}","templated":true}]}}